{"id":8,"date":"2023-03-08T15:11:53","date_gmt":"2023-03-08T14:11:53","guid":{"rendered":"http:\/\/www.studiolrk.com\/?page_id=8"},"modified":"2024-03-13T10:15:43","modified_gmt":"2024-03-13T09:15:43","slug":"accueil","status":"publish","type":"page","link":"https:\/\/www.studiolrk.com\/","title":{"rendered":"Accueil"},"content":{"rendered":"\n<figure class=\"wp-block-image alignfull size-full is-style-default\"><img loading=\"lazy\" decoding=\"async\" width=\"2560\" height=\"1119\" src=\"https:\/\/www.studiolrk.com\/wp-content\/uploads\/2023\/03\/Sans-titre-1-1-scaled.jpg\" alt=\"\" class=\"wp-image-123\" srcset=\"https:\/\/www.studiolrk.com\/wp-content\/uploads\/2023\/03\/Sans-titre-1-1-scaled.jpg 2560w, https:\/\/www.studiolrk.com\/wp-content\/uploads\/2023\/03\/Sans-titre-1-1-300x131.jpg 300w, https:\/\/www.studiolrk.com\/wp-content\/uploads\/2023\/03\/Sans-titre-1-1-1024x448.jpg 1024w, https:\/\/www.studiolrk.com\/wp-content\/uploads\/2023\/03\/Sans-titre-1-1-768x336.jpg 768w, https:\/\/www.studiolrk.com\/wp-content\/uploads\/2023\/03\/Sans-titre-1-1-1536x671.jpg 1536w, https:\/\/www.studiolrk.com\/wp-content\/uploads\/2023\/03\/Sans-titre-1-1-2048x895.jpg 2048w\" sizes=\"auto, (max-width: 2560px) 100vw, 2560px\" \/><\/figure>\n\n\n\n<div style=\"height:50px\" aria-hidden=\"true\" class=\"wp-block-spacer\"><\/div>\n\n\n\n<div style=\"height:50px\" aria-hidden=\"true\" class=\"wp-block-spacer\"><\/div>\n\n\n\n<div class=\"wp-block-columns is-layout-flex wp-container-core-columns-is-layout-9d6595d7 wp-block-columns-is-layout-flex\">\n<div class=\"wp-block-column is-layout-flow wp-block-column-is-layout-flow\">\n<p class=\"has-text-align-center has-background\" style=\"background-color:#00000070;font-size:15px\">Dylan JANUEL<br><br>Photographe et vid\u00e9aste professionnel mais avant tout passionn\u00e9.<br>J&rsquo;ai cr\u00e9\u00e9 ma soci\u00e9t\u00e9 en 2021 afin de r\u00e9unir mes deux plus grandes passions qui sont l&rsquo;image et le sport.<br><br>Aujourd&rsquo;hui mon portefeuille de relation est constitu\u00e9 de sportifs, de soci\u00e9t\u00e9s ou encore d&rsquo;associations avec qui je r\u00e9alise la mise en oeuvre de cette raison de vivre qui nous lie.<br><br>Je prends le soin de retransmettre cette touche unique que mon regard per\u00e7oit dans chaque projet qui m&rsquo;est confi\u00e9, afin que notre travail n&rsquo;ait d&rsquo;\u00e9quivalent. <\/p>\n<\/div>\n\n\n\n<div class=\"wp-block-column is-vertically-aligned-top is-layout-flow wp-block-column-is-layout-flow\" style=\"flex-basis:551px\"><div class=\"wp-block-image\">\n<figure class=\"aligncenter size-full is-resized\"><img loading=\"lazy\" decoding=\"async\" width=\"1536\" height=\"1024\" src=\"https:\/\/www.studiolrk.com\/wp-content\/uploads\/2023\/10\/Sans-titre-1.jpg\" alt=\"\" class=\"wp-image-502\" style=\"width:583px;height:undefinedpx\" srcset=\"https:\/\/www.studiolrk.com\/wp-content\/uploads\/2023\/10\/Sans-titre-1.jpg 1536w, https:\/\/www.studiolrk.com\/wp-content\/uploads\/2023\/10\/Sans-titre-1-300x200.jpg 300w, https:\/\/www.studiolrk.com\/wp-content\/uploads\/2023\/10\/Sans-titre-1-1024x683.jpg 1024w, https:\/\/www.studiolrk.com\/wp-content\/uploads\/2023\/10\/Sans-titre-1-768x512.jpg 768w, https:\/\/www.studiolrk.com\/wp-content\/uploads\/2023\/10\/Sans-titre-1-930x620.jpg 930w\" sizes=\"auto, (max-width: 1536px) 100vw, 1536px\" \/><\/figure>\n<\/div><\/div>\n<\/div>\n\n\n\n<div style=\"height:25px\" aria-hidden=\"true\" class=\"wp-block-spacer\"><\/div>\n\n\n\n<h2 class=\"wp-block-heading alignfull has-text-align-center has-background has-medium-font-size\" style=\"background-color:#00000070\">ILS APPROUVENT MON TRAVAIL<\/h2>\n\n\n\n<figure class=\"wp-block-image alignwide size-full\"><img loading=\"lazy\" decoding=\"async\" width=\"1736\" height=\"504\" src=\"https:\/\/www.studiolrk.com\/wp-content\/uploads\/2024\/03\/Sans-titre-2.png\" alt=\"\" class=\"wp-image-603\" srcset=\"https:\/\/www.studiolrk.com\/wp-content\/uploads\/2024\/03\/Sans-titre-2.png 1736w, https:\/\/www.studiolrk.com\/wp-content\/uploads\/2024\/03\/Sans-titre-2-300x87.png 300w, https:\/\/www.studiolrk.com\/wp-content\/uploads\/2024\/03\/Sans-titre-2-1024x297.png 1024w, https:\/\/www.studiolrk.com\/wp-content\/uploads\/2024\/03\/Sans-titre-2-768x223.png 768w, https:\/\/www.studiolrk.com\/wp-content\/uploads\/2024\/03\/Sans-titre-2-1536x446.png 1536w\" sizes=\"auto, (max-width: 1736px) 100vw, 1736px\" \/><\/figure>\n\n\n\n<div style=\"height:50px\" aria-hidden=\"true\" class=\"wp-block-spacer\"><\/div>\n\n\n\n<div class=\"wp-block-columns is-layout-flex wp-container-core-columns-is-layout-9d6595d7 wp-block-columns-is-layout-flex\">\n<div class=\"wp-block-column is-layout-flow wp-block-column-is-layout-flow\">\n<h2 class=\"wp-block-heading has-text-align-center has-background has-medium-font-size\" style=\"background-color:#00000070\"><a href=\"https:\/\/www.studiolrk.com\/index.php\/portfolio\/\">Photographie<\/a><\/h2>\n\n\n\n<p class=\"has-text-align-center\">\ud83c\udfc6 2022 GLT Photo Challenge &#8211; Professionnal Category Winner<\/p>\n\n\n<div class=\"wp-block-image\">\n<figure class=\"aligncenter size-full is-resized\"><img loading=\"lazy\" decoding=\"async\" width=\"2048\" height=\"1365\" src=\"https:\/\/www.studiolrk.com\/wp-content\/uploads\/2023\/03\/296372780_464754862324413_1596086532768248998_n.jpg\" alt=\"\" class=\"wp-image-189\" style=\"width:476px;height:317px\" srcset=\"https:\/\/www.studiolrk.com\/wp-content\/uploads\/2023\/03\/296372780_464754862324413_1596086532768248998_n.jpg 2048w, https:\/\/www.studiolrk.com\/wp-content\/uploads\/2023\/03\/296372780_464754862324413_1596086532768248998_n-300x200.jpg 300w, https:\/\/www.studiolrk.com\/wp-content\/uploads\/2023\/03\/296372780_464754862324413_1596086532768248998_n-1024x683.jpg 1024w, https:\/\/www.studiolrk.com\/wp-content\/uploads\/2023\/03\/296372780_464754862324413_1596086532768248998_n-768x512.jpg 768w, https:\/\/www.studiolrk.com\/wp-content\/uploads\/2023\/03\/296372780_464754862324413_1596086532768248998_n-1536x1024.jpg 1536w, https:\/\/www.studiolrk.com\/wp-content\/uploads\/2023\/03\/296372780_464754862324413_1596086532768248998_n-930x620.jpg 930w\" sizes=\"auto, (max-width: 2048px) 100vw, 2048px\" \/><\/figure>\n<\/div><\/div>\n\n\n\n<div class=\"wp-block-column is-layout-flow wp-block-column-is-layout-flow\">\n<h2 class=\"wp-block-heading has-text-align-center has-background has-medium-font-size\" style=\"background-color:#00000070\"><a href=\"https:\/\/www.studiolrk.com\/index.php\/realisation\/\">Vid\u00e9o<\/a><\/h2>\n\n\n\n<p class=\"has-text-align-center\"><a href=\"https:\/\/emojipedia.org\/fr\/ruban-de-m%C3%A9moire\/\">\ud83c\udf97\ufe0f<\/a> S\u00e9lectionn\u00e9 au Festival de Cin\u00e9ma du Salon du 2 roues 2024<\/p>\n\n\n\n<figure class=\"wp-block-embed is-type-video is-provider-youtube wp-block-embed-youtube wp-embed-aspect-16-9 wp-has-aspect-ratio\"><div class=\"wp-block-embed__wrapper\">\n<div class=\"nv-iframe-embed\"><iframe loading=\"lazy\" title=\"Am\u00e9lie Giraud - Le Motocross au f\u00e9minin\" width=\"1200\" height=\"675\" src=\"https:\/\/www.youtube.com\/embed\/pg-vd5uHbsM?start=4&#038;feature=oembed\" frameborder=\"0\" allow=\"accelerometer; autoplay; clipboard-write; encrypted-media; gyroscope; picture-in-picture; web-share\" allowfullscreen><\/iframe><\/div>\n<\/div><\/figure>\n<\/div>\n<\/div>\n","protected":false},"excerpt":{"rendered":"<p>Dylan JANUEL Photographe et vid\u00e9aste professionnel mais avant tout passionn\u00e9.J&rsquo;ai cr\u00e9\u00e9 ma soci\u00e9t\u00e9 en 2021 afin de r\u00e9unir mes deux plus grandes passions qui sont l&rsquo;image et le sport. Aujourd&rsquo;hui mon portefeuille de relation est constitu\u00e9 de sportifs, de soci\u00e9t\u00e9s ou encore d&rsquo;associations avec qui je r\u00e9alise la mise en oeuvre de cette raison de&hellip;&nbsp;<a href=\"https:\/\/www.studiolrk.com\/\" class=\"\" rel=\"bookmark\">Lire la suite &raquo;<span class=\"screen-reader-text\">Accueil<\/span><\/a><\/p>\n","protected":false},"author":1,"featured_media":0,"parent":0,"menu_order":0,"comment_status":"closed","ping_status":"closed","template":"","meta":{"neve_meta_sidebar":"","neve_meta_container":"","neve_meta_enable_content_width":"","neve_meta_content_width":0,"neve_meta_title_alignment":"","neve_meta_author_avatar":"","neve_post_elements_order":"","neve_meta_disable_header":"","neve_meta_disable_footer":"","neve_meta_disable_title":"","footnotes":""},"class_list":["post-8","page","type-page","status-publish","hentry"],"_links":{"self":[{"href":"https:\/\/www.studiolrk.com\/index.php\/wp-json\/wp\/v2\/pages\/8","targetHints":{"allow":["GET"]}}],"collection":[{"href":"https:\/\/www.studiolrk.com\/index.php\/wp-json\/wp\/v2\/pages"}],"about":[{"href":"https:\/\/www.studiolrk.com\/index.php\/wp-json\/wp\/v2\/types\/page"}],"author":[{"embeddable":true,"href":"https:\/\/www.studiolrk.com\/index.php\/wp-json\/wp\/v2\/users\/1"}],"replies":[{"embeddable":true,"href":"https:\/\/www.studiolrk.com\/index.php\/wp-json\/wp\/v2\/comments?post=8"}],"version-history":[{"count":122,"href":"https:\/\/www.studiolrk.com\/index.php\/wp-json\/wp\/v2\/pages\/8\/revisions"}],"predecessor-version":[{"id":607,"href":"https:\/\/www.studiolrk.com\/index.php\/wp-json\/wp\/v2\/pages\/8\/revisions\/607"}],"wp:attachment":[{"href":"https:\/\/www.studiolrk.com\/index.php\/wp-json\/wp\/v2\/media?parent=8"}],"curies":[{"name":"wp","href":"https:\/\/api.w.org\/{rel}","templated":true}]}}